{"id":11,"date":"2017-10-30T15:11:53","date_gmt":"2017-10-30T15:11:53","guid":{"rendered":"http:\/\/demo.safirtema.com\/atlas\/?page_id=11"},"modified":"2023-12-28T21:05:22","modified_gmt":"2023-12-28T21:05:22","slug":"hakkimizda","status":"publish","type":"page","link":"https:\/\/mekskonveyor.com\/index.php\/hakkimizda\/","title":{"rendered":"Hakk\u0131m\u0131zda"},"content":{"rendered":"\n<h3 class=\"wp-block-heading\">MeksTeknik | End\u00fcstriyel Ambalaj Malzemeleri &amp; H\u0131rdavat<strong><\/strong><\/h3>\n\n\n\n<p>Meksteknik, end\u00fcstriyel ambalaj malzemeleri ve konvey\u00f6r bant sistemleri alan\u0131nda sekt\u00f6rdeki yenilikleri takip ederek T\u00fcrkiye genelinde tedarik\u00e7i olarak hizmet veren bir firmad\u0131r.<\/p>\n\n\n\n<p>Meksteknik olarak her sabah i\u015fe sizlere en iyi \u00e7\u00f6z\u00fcmlerini \u00fcretmek i\u00e7in geliyoruz. Biliyoruz ki b\u00fcy\u00fck emeklerle, fedakarl\u0131klarla \u00fcretilen \u00fcr\u00fcnleriniz en do\u011fru, en g\u00fcvenli, en ekonomik ambalaj s\u00fcre\u00e7leriyle m\u00fc\u015fterilerine sevk edilmeyi hakkediyor.<\/p>\n\n\n\n<p>Paketleme ve ambalaj i\u00e7in her zaman daha iyi bir yol oldu\u011funa inan\u0131yoruz; bu do\u011frultuda en iyi ambalaj \u00e7\u00f6z\u00fcmlerini hayata ge\u00e7irmek ve sizlerle payla\u015fmak i\u00e7in elimizden geleni yap\u0131yoruz.<\/p>\n\n\n\n<p>Neler mi yap\u0131yoruz?<\/p>\n\n\n\n<div class=\"\" data-col=\"2\"><ul>\n<li>Sizler i\u00e7in en yeni materyal trendlerini, ambalaj \u00e7\u00f6z\u00fcmlerini takip ediyoruz<\/li>\n\n\n\n<li>Firmalar\u0131n\u0131z\u0131 ziyaret ederek \u00fcr\u00fcnlerinize ve sisteminize \u00f6zg\u00fc uygulama \u00e7\u00f6z\u00fcmleri \u00fcretiyoruz<\/li>\n\n\n\n<li>Kaliteden \u00f6d\u00fcn vermeden 1000\u2019i a\u015fk\u0131n \u00fcr\u00fcn se\u00e7ene\u011fimizi sizler i\u00e7in her g\u00fcn geni\u015fletiyoruz<\/li>\n\n\n\n<li>S\u00fcrekli geli\u015fen bask\u0131 grubumuz ile markan\u0131z\u0131n tan\u0131n\u0131rl\u0131\u011f\u0131na destek oluyoruz<\/li>\n\n\n\n<li>En \u00f6nemlisi sizleri dinliyoruz ki; siz bizleri, bizler \u00e7\u00f6z\u00fcmlerimizi, \u00e7\u00f6z\u00fcmlerimiz de sizlerin i\u015f s\u00fcre\u00e7lerini geli\u015ftirsin<\/li>\n<\/ul><\/div>\n\n\n\n<p>Ambalaj tarih boyunca \u00fcr\u00fcnlerin daha&nbsp;<strong>kolay ta\u015f\u0131nmas\u0131<\/strong>, daha&nbsp;<strong>iyi korunmas\u0131<\/strong>, daha&nbsp;<strong>iyi saklanmas\u0131<\/strong>ve daha&nbsp;<strong>iyi sat\u0131lmas\u0131<\/strong>i\u00e7in kullan\u0131ld\u0131, g\u00fcn\u00fcm\u00fczde de ayn\u0131 ama\u00e7la talep etti\u011finiz bu \u00fcr\u00fcnlere Meksteknik olarak&nbsp;<strong>daha ekonomik<\/strong>,&nbsp;<strong>daha kolay<\/strong>,&nbsp;<strong>daha h\u0131zl\u0131<\/strong>eri\u015fiminizi sa\u011flamak ana hedefimiz.<\/p>\n\n\n\n<p><strong>Neden Meksteknik?<\/strong><\/p>\n\n\n\n<p>Steve Jobs\u2019\u0131n dedi\u011fi gibi \u201c<em>Ambalaj bir tiyatro gibidir, yeni bir hikaye yaratabilir.<\/em>\u201d Meksteknik olarak hikayeleriniz bizim var olu\u015f sebebimiz.<\/p>\n\n\n\n<p><strong>Meksteknik\u2019in m\u00fc\u015fteri isteklerine cevap vermek amac\u0131yla bulundurdu\u011fu \u00fcr\u00fcn gruplar\u0131:<\/strong><\/p>\n\n\n\n<div class=\"\" data-col=\"2\"><ul>\n<li>Bantlar; Bask\u0131l\u0131\/Bask\u0131s\u0131z koli bantlar\u0131, Maskeleme bantlar\u0131, \u00c7ift tarafl\u0131 bantlar<\/li>\n\n\n\n<li>Palet Streci<\/li>\n\n\n\n<li>G\u0131da Streci<\/li>\n\n\n\n<li>Shrink Filmler; Polietilen, Polyelefin, PVC<\/li>\n\n\n\n<li>Balonlu Naylon<\/li>\n\n\n\n<li>\u00c7emberler ve \u00c7ember Tokalar\u0131<\/li>\n\n\n\n<li>K\u00f6\u015febentler<\/li>\n<\/ul><\/div>\n\n\n\n<p>Meksteknik; end\u00fcstride kullan\u0131lan ambalaj malzemelerini kullan\u0131m yerlerine g\u00f6re do\u011fru ve h\u0131zl\u0131 \u015fekilde m\u00fc\u015fterilerine ula\u015ft\u0131rmay\u0131 hedeflemi\u015ftir. Bu sayede m\u00fc\u015fterilerinin \u00fcretimdeki verimlili\u011finin artmas\u0131na katk\u0131da bulunmaktad\u0131r.<\/p>\n","protected":false},"excerpt":{"rendered":"<p>MeksTeknik | End\u00fcstriyel Ambalaj Malzemeleri &amp; H\u0131rdavat Meksteknik, end\u00fcstriyel ambalaj malzemeleri ve konvey\u00f6r bant sistemleri alan\u0131nda sekt\u00f6rdeki yenilikleri takip ederek T\u00fcrkiye genelinde tedarik\u00e7i olarak hizmet veren bir firmad\u0131r. Meksteknik olarak her sabah i\u015fe sizlere en iyi \u00e7\u00f6z\u00fcmlerini \u00fcretmek i\u00e7in geliyoruz. Biliyoruz ki b\u00fcy\u00fck emeklerle, fedakarl\u0131klarla \u00fcretilen \u00fcr\u00fcnleriniz en do\u011fru, en g\u00fcvenli, en ekonomik ambalaj s\u00fcre\u00e7leriyle [&hellip;]<\/p>\n","protected":false},"author":1,"featured_media":0,"parent":0,"menu_order":0,"comment_status":"closed","ping_status":"closed","template":"","meta":{"footnotes":""},"aioseo_notices":[],"_links":{"self":[{"href":"https:\/\/mekskonveyor.com\/index.php\/wp-json\/wp\/v2\/pages\/11"}],"collection":[{"href":"https:\/\/mekskonveyor.com\/index.php\/wp-json\/wp\/v2\/pages"}],"about":[{"href":"https:\/\/mekskonveyor.com\/index.php\/wp-json\/wp\/v2\/types\/page"}],"author":[{"embeddable":true,"href":"https:\/\/mekskonveyor.com\/index.php\/wp-json\/wp\/v2\/users\/1"}],"replies":[{"embeddable":true,"href":"https:\/\/mekskonveyor.com\/index.php\/wp-json\/wp\/v2\/comments?post=11"}],"version-history":[{"count":5,"href":"https:\/\/mekskonveyor.com\/index.php\/wp-json\/wp\/v2\/pages\/11\/revisions"}],"predecessor-version":[{"id":686,"href":"https:\/\/mekskonveyor.com\/index.php\/wp-json\/wp\/v2\/pages\/11\/revisions\/686"}],"wp:attachment":[{"href":"https:\/\/mekskonveyor.com\/index.php\/wp-json\/wp\/v2\/media?parent=11"}],"curies":[{"name":"wp","href":"https:\/\/api.w.org\/{rel}","templated":true}]}}